{"id":1756,"date":"2021-10-08T08:38:12","date_gmt":"2021-10-08T08:38:12","guid":{"rendered":"https:\/\/www.lorisbellini.com\/en\/?page_id=1756"},"modified":"2021-10-08T08:39:27","modified_gmt":"2021-10-08T08:39:27","slug":"privacy-cookies","status":"publish","type":"page","link":"https:\/\/www.lorisbellini.com\/en\/index.php\/privacy-cookies\/","title":{"rendered":"Privacy &#038; Cookies"},"content":{"rendered":"\n<style type=\"text\/css\" data-created_by=\"avia_inline_auto\" id=\"style-css-av-5sxwe4-a3067bb3136229c1b83c0593c3783656\">\n.flex_column.av-5sxwe4-a3067bb3136229c1b83c0593c3783656{\n-webkit-border-radius:0px 0px 0px 0px;\n-moz-border-radius:0px 0px 0px 0px;\nborder-radius:0px 0px 0px 0px;\npadding:0px 0px 0px 0px;\n}\n<\/style>\n<div class='flex_column av-5sxwe4-a3067bb3136229c1b83c0593c3783656 av_one_fifth  avia-builder-el-0  el_before_av_three_fifth  avia-builder-el-first  first flex_column_div av-zero-column-padding '     ><\/div>\n\n<style type=\"text\/css\" data-created_by=\"avia_inline_auto\" id=\"style-css-av-4ow2j0-f56e7d538ed7235612cda809bc270e5c\">\n.flex_column.av-4ow2j0-f56e7d538ed7235612cda809bc270e5c{\n-webkit-border-radius:0px 0px 0px 0px;\n-moz-border-radius:0px 0px 0px 0px;\nborder-radius:0px 0px 0px 0px;\npadding:0px 0px 0px 0px;\n}\n<\/style>\n<div class='flex_column av-4ow2j0-f56e7d538ed7235612cda809bc270e5c av_three_fifth  avia-builder-el-1  el_after_av_one_fifth  el_before_av_one_fifth  flex_column_div av-zero-column-padding '     ><section  class='av_textblock_section av-kui4960m-cba7a3e6b75e90e372ab3add81cb6c69'  itemscope=\"itemscope\" itemtype=\"https:\/\/schema.org\/CreativeWork\" ><div class='avia_textblock'  itemprop=\"text\" ><h2 data-fontsize=\"48\" data-lineheight=\"58\">Informativa privacy ai sensi degli artt. 13-14 del Regolamento Europeo \u201cPrivacy\u201d (GDPR)<\/h2>\n<p>I dati personali da Lei inseriti, sono trattati per finalit\u00e0 connesse alla fornitura dei servizi da Lei richiesti (a titolo esemplificativo: richiedere informazioni, registrarsi al sito per ricevere vantaggi e offerte, ottenere preventivi, effettuare pagamenti, acquistare beni e riceverli presso un domicilio da Lei indicato, effettuare una prenotazione, scambiare documenti).<\/p>\n<p>Inoltre, i dati da Lei forniti, potrebbero essere trattati, solo su Suo esplicito consenso, al fine di inviarLe comunicazioni di natura commerciale via email o sms relativamente ai servizi offerti dal Titolare.<\/p>\n<p>Nel primo caso, la base giuridica del trattamento \u00e8 l\u2019esecuzione di un accordo; nel secondo caso \u00e8 il consenso.<br \/>\nI trattamenti avverranno con modalit\u00e0 elettroniche e verranno messi a disposizione delle terze parti (Responsabili Esterni del trattamento) nell\u2019ambito dell\u2019Unione Europea o in Paesi extra UE, regolarmente contrattualizzate e che offrono adeguate garanzie di sicurezza, necessarie per la fornitura di servizi essenziali al soddisfacimento delle Sue esigenze. Tali Responsabili Esterni, il cui elenco \u00e8 disponibile dietro richiesta, possono appartenere a categorie di soggetti che supportano il Titolare nell\u2019erogazione dei servizi offerti tramite il presente sito (quali, a titolo esemplificativo: sviluppatori software e gestori di siti web, spedizionieri).<\/p>\n<p>Inoltre saranno trattati per finalit\u00e0 di analisi statistiche e di marketing diretto, in maniera anonima, come meglio specificato dalla cookie policy.Trattasi pertanto di trattamenti legittimi e necessari ad assicurarLe un servizio che risponda alle Sue aspettative. I dati saranno conservati per tutta la durata dei servizi da Lei richiesti o per periodi superiori solo se previsti dalle norme. In ogni momento Lei potr\u00e0 esercitare i diritti previsti agli articoli 15-22 del GDPR contattando il titolare del presente sito.<\/p>\n<p>Per modificare o cancellare i soli dati che sono archiviati sui sistemi che erogano il presente sito,\u00a0<a class=\"clickhover\">cliccare qui<\/a>. Le informazioni da lei inserite nel form (compreso il suo indirizzo email) potranno essere comunicate a una societ\u00e0 terza che agir\u00e0 in qualit\u00e0 di Responsabile esterno e che supporta il Titolare nella gestione del sito e nell\u2019evasione della sua richiesta.<\/p>\n<p>Nel caso di richiesta di cancellazione dei suoi dati, La informiamo che potrebbe non essere pi\u00f9 possibile continuare a fornirLe il servizio richiestoci.<\/p>\n<p>La informiamo, infine, che potr\u00e0 proporre reclamo all\u2019Autorit\u00e0 Garante per la Protezione dei Dati, qualora ritenesse siano stati violati i suoi diritti.<\/p>\n<h2 data-fontsize=\"48\" data-lineheight=\"58\"><\/h2>\n<h2 data-fontsize=\"48\" data-lineheight=\"58\">Informativa estesa sui Cookies<\/h2>\n<p>Questo sito utilizza cookie, anche di terze parti, per migliorarne l\u2019esperienza di navigazione e consentire a chi naviga di usufruire dei nostri servizi online e di visualizzare pubblicit\u00e0 in linea con le proprie preferenze. I cookies utilizzati in questo sito rientrano nelle categorie descritte di seguito.<\/p>\n<h3 data-fontsize=\"22\" data-lineheight=\"30\">Cosa sono i cookies<\/h3>\n<p>I cookies sono piccoli file di testo che vengono automaticamente posizionati sul PC del navigatore all\u2019interno del browser. Essi contengono informazioni di base sulla navigazione in Internet e grazie al browser vengono riconosciuti ogni volta che l\u2019utente visita il sito.<\/p>\n<p>Di seguito vengono forniti dettagli sui cookie installati da questo sito e indicazioni su come gestire le preferenze in merito ad essi.<\/p>\n<h3 data-fontsize=\"22\" data-lineheight=\"30\">Gestione dei cookie<\/h3>\n<h4 data-fontsize=\"16\" data-lineheight=\"26\">1 \u2013 Cookie tecnici<\/h4>\n<p>I cookie tecnici descritti qui di seguito non richiedono consenso perci\u00f2 vengono installati automaticamente a seguito dell\u2019accesso al sito.<\/p>\n<p><b>\u2013 Cookie necessari al funzionamento:<\/b>\u00a0cookies che permettono al sito di funzionare correttamente anche consentendo all\u2019utente di avere un\u2019esperienza di navigazione funzionale. Ad esempio, mantengono l\u2019utente collegato durante la navigazione evitando che il sito richieda di collegarsi pi\u00f9 volte per accedere alle pagine successive.<\/p>\n<p><b>\u2013 Cookie per il salvataggio delle preferenze:<\/b>\u00a0cookie che permettono di ricordare le preferenze selezionate dall\u2019utente durante la navigazione, ad esempio, consentono di impostare la lingua.<\/p>\n<p><b>\u2013 Cookie statistici e di misurazione dell\u2019audience:<\/b>\u00a0cookie che aiutano a capire, attraverso dati raccolti in forma anonima e aggregata, come gli utenti interagiscono con il sito internet fornendo informazioni relative alle sezioni visitate, il tempo trascorso sul sito, eventuali malfunzionamenti.<\/p>\n<h4 data-fontsize=\"16\" data-lineheight=\"26\">2 \u2013 Cookie di terze parti<\/h4>\n<p>Attraverso questo sito vengono installati anche cookie gestiti da terze parti.<\/p>\n<p>Per informazioni relative a questi cookie di terze parti e la gestione del consenso sono disponibili gli appositi link delle tabelle riportate pi\u00f9 sotto.<br \/>\nInoltre accedendo alla pagina\u00a0<a href=\"http:\/\/www.youronlinechoices.com\/it\/le-tue-scelte\" target=\"_blank\" rel=\"noopener\">http:\/\/www.youronlinechoices.com\/it\/le-tue-scelte<\/a>\u00a0\u00e8 possibile informarsi sulla pubblicit\u00e0 comportamentale oltre che disattivare o attivare i cookie delle societ\u00e0 elencate che lavorano con i gestori dei siti web per raccogliere e utilizzare informazioni utili alla fruizione della pubblicit\u00e0.<\/p>\n<h4 data-fontsize=\"16\" data-lineheight=\"26\">Cookie Statistici e di Misurazione dell\u2019audience di terze parti<\/h4>\n<p>Questi cookie forniscono informazioni anonime\/aggregate sul modo in cui i visitatori navigano sul sito. Di seguito i link alle rispettive pagine di cookies policy per gestire il consenso.<\/p>\n<ul>\n<li><strong>Adobe<\/strong><\/li>\n<li>Adobe Analytics: sistema di statistiche<\/li>\n<li>Cookies analitici<\/li>\n<li><a title=\"\" href=\"http:\/\/www.adobe.com\/privacy\/policy.html\" target=\"_blank\" rel=\"noopener\">privacy policy<\/a><\/li>\n<\/ul>\n<ul>\n<li><strong>Nielsen<\/strong><\/li>\n<li>SiteCensus: sistema di statistiche<\/li>\n<li>Cookies analitici<\/li>\n<li><a title=\"\" href=\"http:\/\/www.nielsen.com\/us\/en\/privacy-policy.html\" target=\"_blank\" rel=\"noopener\">privacy policy<\/a><\/li>\n<\/ul>\n<ul>\n<li><strong>Google<\/strong><\/li>\n<li>Google Analytics: sistema di statistiche<\/li>\n<li>Cookies analitici<\/li>\n<li><a title=\"\" href=\"https:\/\/www.google.com\/intl\/it\/policies\/\" target=\"_blank\" rel=\"noopener\">privacy policy<\/a><\/li>\n<\/ul>\n<ul>\n<li><strong>Shinystat<\/strong><\/li>\n<li>Shinystat: sistema di statistiche<\/li>\n<li>Cookies analitici<\/li>\n<li><a title=\"\" href=\"http:\/\/www.shinystat.com\/it\/informativa_cookie_sito.html\" target=\"_blank\" rel=\"noopener\">privacy policy<\/a><\/li>\n<\/ul>\n<h4 data-fontsize=\"16\" data-lineheight=\"26\">Cookie di social media sharing<\/h4>\n<p>Questi cookie di terze parti \u2013 qualora presenti i collegamenti sul sito \u2013 vengono utilizzati per integrare alcune diffuse funzionalit\u00e0 dei principali social media e fornirle all\u2019interno del sito. In particolare permettono la registrazione e l\u2019autenticazione sul sito tramite facebook e google connect, la condivisione e i commenti di pagine del sito sui social, abilitano le funzionalit\u00e0 del \u201cmi piace\u201d su Facebook e del \u201c+1\u201d su G+. Di seguito i link alle rispettive pagine di cookies policy per gestire il consenso.<\/p>\n<ul class=\"social_media\">\n<li><strong>Facebook<\/strong><\/li>\n<li>social media<\/li>\n<li><a title=\"\" href=\"https:\/\/www.facebook.com\/about\/privacy\/\" target=\"_blank\" rel=\"noopener\">privacy policy<\/a><\/li>\n<\/ul>\n<ul class=\"social_media\">\n<li><strong>G+<\/strong><\/li>\n<li>social media<\/li>\n<li><a title=\"\" href=\"https:\/\/www.google.com\/intl\/it\/policies\/\" target=\"_blank\" rel=\"noopener\">privacy policy<\/a><\/li>\n<\/ul>\n<ul class=\"social_media\">\n<li><strong>Youtube<\/strong><\/li>\n<li>social media<\/li>\n<li><a title=\"\" href=\"https:\/\/www.youtube.com\/static?template=privacy_guidelines\" target=\"_blank\" rel=\"noopener\">privacy policy<\/a><\/li>\n<\/ul>\n<ul class=\"social_media\">\n<li><strong>Twitter<\/strong><\/li>\n<li>social media<\/li>\n<li><a title=\"\" href=\"https:\/\/twitter.com\/privacy\" target=\"_blank\" rel=\"noopener\">privacy policy<\/a><\/li>\n<\/ul>\n<ul class=\"social_media\">\n<li><strong>Linkedin<\/strong><\/li>\n<li>social media<\/li>\n<li><a title=\"\" href=\"http:\/\/www.linkedin.com\/legal\/privacy-policy\" target=\"_blank\" rel=\"noopener\">privacy policy<\/a><\/li>\n<\/ul>\n<ul class=\"social_media last\">\n<li><strong>Pinterest<\/strong><\/li>\n<li>social media<\/li>\n<li><a title=\"\" href=\"https:\/\/about.pinterest.com\/it\/privacy-policy\" target=\"_blank\" rel=\"noopener\">privacy policy<\/a><\/li>\n<\/ul>\n<h4 data-fontsize=\"16\" data-lineheight=\"26\">Cookie di remarketing<\/h4>\n<p>Questi cookie di terza parte, quando presenti, consentono di mostrare annunci pubblicitari basati sugli interessi manifestati dagli utenti durante la navigazione online sui siti e le APP appartenenti al circuito della terza parte che ha rilasciato questi cookie. Per esempio, i cookie di remarketing utilizzati da questo sito possono essere quelli della Rete Display di Google e della piattaforma Audience Network di Facebook. Qui sotto vengono forniti i link per disattivare l\u2019utilizzo dei cookie da parte di Google e di Facebook.<\/p>\n<ul class=\"social_media\">\n<li><strong>Google<\/strong><\/li>\n<li>Remarketing<\/li>\n<li><a title=\"\" href=\"https:\/\/adssettings.google.com\/\" target=\"_blank\" rel=\"noopener\">privacy policy<\/a><\/li>\n<\/ul>\n<ul class=\"social_media\">\n<li><strong>Facebook<\/strong><\/li>\n<li>Remarketing<\/li>\n<li><a title=\"\" href=\"https:\/\/www.facebook.com\/ads\/settings\" target=\"_blank\" rel=\"noopener\">privacy policy<\/a><\/li>\n<\/ul>\n<h3 data-fontsize=\"22\" data-lineheight=\"30\">3 \u2013 Ricordati che puoi gestire le tue preferenze sui cookie anche attraverso il browser<\/h3>\n<p><em>Se si utilizza Internet Explorer<\/em><br \/>\nIn Internet Explorer, fare clic su \u201cStrumenti\u201d e selazionare \u201cOpzioni Internet\u201d. Nella scheda Privacy, spostare il cursore verso l\u2019alto per bloccare tutti i cookie o verso il basso per consentire tutti i cookie, e quindi fare clic su OK.<\/p>\n<p><em>Se si utilizza il browser Firefox<\/em><br \/>\nScegliere il men\u00f9 \u201cStrumenti\u201d del browser e selezionare il menu \u201cOpzioni\u201d. Fare clic sulla scheda \u201cPrivacy\u201d. Nell\u2019elenco a discesa \u201cRegole di conservazione\u201d selezionare il livello desiderato.<br \/>\nSpuntare la casella \u201cAccettare i cookie\u201d per attivare i cookie, o togliere la spunta per disattivarli.<br \/>\nScegliere per quanto tempo i cookie possono essere conservati.<\/p>\n<p><em>Se si utilizza il browser Safari<\/em><br \/>\nCliccare nel Men\u00f9 Safari, selezionare il menu \u201cModifica\u201d e selezionare \u201cPreferences\u201d. Cliccare su \u201cPrivacy\u201d. Posizionare l\u2019impostazione \u201ccookies Block\u201d e fare clic su OK.<\/p>\n<p><em>Se si utilizza il browser Google Chrome<\/em><br \/>\nCliccare sul menu Chrome nella barra degli strumenti del browser. Selezionare \u201cImpostazioni\u201d. Cliccare su \u201cMostra impostazioni avanzate\u201d. Nella sezione \u201cPrivacy\u201d, cliccare su \u201cImpostazioni contenuti\u201d. Nella sezione \u201cCookies\u201d, selezionare \u201cImpedisci a tutti i siti di salvare i dati\u201d e quindi fare clic su OK.<\/p>\n<p>Se usi un qualsiasi altro browser o non conosci il tipo e versione di browser che stai utilizzando, clicca \u201cAiuto\u201d nella finestra del browser in alto, da cui puoi accedere a tutte le informazioni necessarie.<\/p>\n<p>Ai sensi degli artt. 15-22 del GDPR, l\u2019utente ha il diritto di richiedere, scrivendo all\u2019indirizzo del titolare del presente sito, l\u2019accesso ai suoi dati personali, la rettifica o la cancellazione degli stessi o anche semplicemente la limitazione del loro trattamento (anonimizzazione) o proporre reclamo all\u2019Autorit\u00e0 Garante per la Protezione dei Dati, qualora ritenesse siano stati violati i suoi diritti.<\/p>\n<p><strong>CONTATTI<\/strong><\/p>\n<p><strong>Loris Bellini srl<\/strong><\/p>\n<p class=\"p1\">Via Alcide De Gasperi, 29\/31<br \/>\n46040 Casalromano (MN) Italia<br \/>\ntel. +39 0376 714891<br \/>\nemail: info@lorisbellini.com<\/p>\n<\/div><\/section><\/div>\n<style type=\"text\/css\" data-created_by=\"avia_inline_auto\" id=\"style-css-av-35ym98-fd741654b4d23c787b16c917c66ab2cb\">\n.flex_column.av-35ym98-fd741654b4d23c787b16c917c66ab2cb{\n-webkit-border-radius:0px 0px 0px 0px;\n-moz-border-radius:0px 0px 0px 0px;\nborder-radius:0px 0px 0px 0px;\npadding:0px 0px 0px 0px;\n}\n<\/style>\n<div class='flex_column av-35ym98-fd741654b4d23c787b16c917c66ab2cb av_one_fifth  avia-builder-el-3  el_after_av_three_fifth  avia-builder-el-last  flex_column_div av-zero-column-padding '     ><\/div><\/p>\n","protected":false},"excerpt":{"rendered":"","protected":false},"author":1,"featured_media":0,"parent":0,"menu_order":0,"comment_status":"closed","ping_status":"closed","template":"","meta":{"footnotes":""},"class_list":["post-1756","page","type-page","status-publish","hentry"],"_links":{"self":[{"href":"https:\/\/www.lorisbellini.com\/en\/index.php\/wp-json\/wp\/v2\/pages\/1756","targetHints":{"allow":["GET"]}}],"collection":[{"href":"https:\/\/www.lorisbellini.com\/en\/index.php\/wp-json\/wp\/v2\/pages"}],"about":[{"href":"https:\/\/www.lorisbellini.com\/en\/index.php\/wp-json\/wp\/v2\/types\/page"}],"author":[{"embeddable":true,"href":"https:\/\/www.lorisbellini.com\/en\/index.php\/wp-json\/wp\/v2\/users\/1"}],"replies":[{"embeddable":true,"href":"https:\/\/www.lorisbellini.com\/en\/index.php\/wp-json\/wp\/v2\/comments?post=1756"}],"version-history":[{"count":0,"href":"https:\/\/www.lorisbellini.com\/en\/index.php\/wp-json\/wp\/v2\/pages\/1756\/revisions"}],"wp:attachment":[{"href":"https:\/\/www.lorisbellini.com\/en\/index.php\/wp-json\/wp\/v2\/media?parent=1756"}],"curies":[{"name":"wp","href":"https:\/\/api.w.org\/{rel}","templated":true}]}}